{"id":12,"date":"2025-09-09T15:35:02","date_gmt":"2025-09-09T13:35:02","guid":{"rendered":"http:\/\/localhost\/wordpress\/?page_id=12"},"modified":"2025-09-09T15:35:02","modified_gmt":"2025-09-09T13:35:02","slug":"datenschutz","status":"publish","type":"page","link":"https:\/\/jfv-walsdorf-woersdorf.de\/?page_id=12","title":{"rendered":"Datenschutz"},"content":{"rendered":"\n<h1 class=\"wp-block-heading\">Datenschutzhinweise<\/h1>\n\n\n\n<h2 class=\"wp-block-heading\">Verantwortlicher<\/h2>\n\n\n\n<p>Verantwortlicher im Sinne der Datenschutzgesetze, insbesondere der EU-Datenschutz-Grundverordnung (DSGVO), ist:<\/p>\n\n\n\n<p>1. Vorsitzender, Markus Eckes<\/p>\n\n\n\n<h2 class=\"wp-block-heading\">Ihre Betroffenenrechte<\/h2>\n\n\n\n<p>Unter den angegebenen Kontaktdaten k\u00f6nnen Sie gem\u00e4\u00df EU-Datenschutz-Grundverordnung (DSGVO) jederzeit folgende Rechte aus\u00fcben:<\/p>\n\n\n\n<ul class=\"wp-block-list\">\n<li>Auskunft \u00fcber Ihre bei uns gespeicherten Daten und deren Verarbeitung (Art. 15 DSGVO),<\/li>\n\n\n\n<li>Berichtigung unrichtiger personenbezogener Daten (Art. 16 DSGVO),<\/li>\n\n\n\n<li>L\u00f6schung Ihrer bei uns gespeicherten Daten (Art. 17 DSGVO),<\/li>\n\n\n\n<li>Einschr\u00e4nkung der Datenverarbeitung, sofern wir Ihre Daten aufgrund gesetzlicher Pflichten noch nicht l\u00f6schen d\u00fcrfen (Art. 18 DSGVO),<\/li>\n\n\n\n<li>Widerspruch gegen die Verarbeitung Ihrer Daten bei uns (Art. 21 DSGVO) und<\/li>\n\n\n\n<li>Daten\u00fcbertragbarkeit, sofern Sie in die Datenverarbeitung eingewilligt haben oder einen Vertrag mit uns abgeschlossen haben (Art. 20 DSGVO).<\/li>\n<\/ul>\n\n\n\n<p>Sofern Sie uns eine Einwilligung erteilt haben, k\u00f6nnen Sie diese jederzeit mit Wirkung f\u00fcr die Zukunft widerrufen.<\/p>\n\n\n\n<p>Sie k\u00f6nnen sich jederzeit mit einer Beschwerde an eine Aufsichtsbeh\u00f6rde wenden, z. B. an die zust\u00e4ndige Aufsichtsbeh\u00f6rde des Bundeslands Ihres Wohnsitzes oder an die f\u00fcr uns als verantwortliche Stelle zust\u00e4ndige Beh\u00f6rde.<\/p>\n\n\n\n<p>Eine Liste der Aufsichtsbeh\u00f6rden (f\u00fcr den nicht\u00f6ffentlichen Bereich) mit Anschrift finden Sie unter: <a href=\"https:\/\/www.bfdi.bund.de\/DE\/Infothek\/Anschriften_Links\/anschriften_links-node.html\">https:\/\/www.bfdi.bund.de\/DE\/Infothek\/Anschriften_Links\/anschriften_links-node.html<\/a>.<\/p>\n\n\n\n<h2 class=\"wp-block-heading\">Verarbeitungst\u00e4tigkeiten<\/h2>\n\n\n\n<h3 class=\"wp-block-heading\">Erfassung allgemeiner Informationen beim Besuch unserer Website<\/h3>\n\n\n\n<h4 class=\"wp-block-heading\">Art und Zweck der Verarbeitung<\/h4>\n\n\n\n<p>Wenn Sie auf unsere Website zugreifen, d.h., wenn Sie sich nicht registrieren oder anderweitig Informationen \u00fcbermitteln, werden automatisch Informationen allgemeiner Natur erfasst. Diese Informationen (Server-Logfiles) beinhalten etwa die Art des Webbrowsers, das verwendete Betriebssystem, den Domainnamen Ihres Internet-Service-Providers, Ihre IP-Adresse und \u00e4hnliches.<\/p>\n\n\n\n<p>Sie werden insbesondere zu folgenden Zwecken verarbeitet:<\/p>\n\n\n\n<ul class=\"wp-block-list\">\n<li>Sicherstellung eines problemlosen Verbindungsaufbaus der Website<\/li>\n\n\n\n<li>Sicherstellung einer reibungslosen Nutzung der Website<\/li>\n\n\n\n<li>Sicherstellung und Auswertung der Systemsicherheit und -stabilit\u00e4t, insbesondere zur Missbrauchserkennung<\/li>\n<\/ul>\n\n\n\n<p>Wir verwenden Ihre Daten nicht, um R\u00fcckschl\u00fcsse auf Ihre Person zu ziehen. Allerdings behalten wir uns vor, die Server-Logfiles nachtr\u00e4glich zu \u00fcberpr\u00fcfen, sollten konkrete Anhaltspunkte auf eine rechtswidrige Nutzung hinweisen.<\/p>\n\n\n\n<h4 class=\"wp-block-heading\">Rechtsgrundlage und berechtigtes Interesse<\/h4>\n\n\n\n<p>Die Verarbeitung erfolgt gem\u00e4\u00df Art. 6 Abs. 1 lit. f DSGVO auf Basis unseres berechtigten Interesses an der Verbesserung der Stabilit\u00e4t und Funktionalit\u00e4t unserer Website sowie der Sicherstellung der Systemsicherheit und Missbrauchserkennung.<\/p>\n\n\n\n<h4 class=\"wp-block-heading\">Empf\u00e4nger<\/h4>\n\n\n\n<p>Empf\u00e4nger der Daten sind ggf. technische Dienstleister, die f\u00fcr den Betrieb und die Wartung unserer Webseite als Auftragsverarbeiter t\u00e4tig werden.<\/p>\n\n\n\n<h4 class=\"wp-block-heading\">Speicherdauer<\/h4>\n\n\n\n<p>Daten werden in Server-Log-Dateien in einer Form, die die Identifizierung der betroffenen Personen erm\u00f6glicht, maximal f\u00fcr 14 Tage gespeichert; es sei denn, dass ein sicherheitsrelevantes Ereignis auftritt (z.B. ein DDoS-Angriff).<\/p>\n\n\n\n<p>Im Falle eines solchen Ereignisses werden Server-Log-Dateien bis zur Beseitigung und vollst\u00e4ndigen Aufkl\u00e4rung des sicherheitsrelevanten Ereignisses gespeichert.<\/p>\n\n\n\n<h4 class=\"wp-block-heading\">Bereitstellung vorgeschrieben oder erforderlich<\/h4>\n\n\n\n<p>Die Bereitstellung der vorgenannten personenbezogenen Daten ist weder gesetzlich noch vertraglich vorgeschrieben. Ohne die IP-Adresse ist jedoch der Dienst und die Funktionsf\u00e4higkeit unserer Website nicht gew\u00e4hrleistet. Zudem k\u00f6nnen einzelne Dienste und Services nicht verf\u00fcgbar oder eingeschr\u00e4nkt sein.<\/p>\n\n\n\n<h4 class=\"wp-block-heading\">Widerspruch<\/h4>\n\n\n\n<p>Lesen Sie dazu die Informationen \u00fcber Ihr Widerspruchsrecht nach Art. 21 DSGVO weiter unten.<\/p>\n\n\n\n<h3 class=\"wp-block-heading\">Kontaktaufnahme<\/h3>\n\n\n\n<p>Art und Zweck der Verarbeitung<\/p>\n\n\n\n<p>Auf unserer Website ist ein Kontaktformular vorhanden, welches f\u00fcr die elektronische Kontaktaufnahme genutzt werden kann. Nimmt ein Nutzer diese M\u00f6glichkeit wahr, so werden die in der Eingabemaske eingegeben Daten an uns \u00fcbermittelt und gespeichert.<\/p>\n\n\n\n<p>Zum Zeitpunkt der Absendung der Nachricht werden zudem folgende Daten gespeichert:<\/p>\n\n\n\n<ul class=\"wp-block-list\">\n<li>Datum und Uhrzeit der Anfrage<\/li>\n<\/ul>\n\n\n\n<p>Eine Kontaktaufnahme ist \u00fcber die bereitgestellten E-Mail-Adressen m\u00f6glich. In diesem Fall werden die mit der E-Mail \u00fcbermittelten personenbezogenen Daten des Nutzers gespeichert. Hierzu z\u00e4hlen Datum und Uhrzeit des E-Mailversands, E-Mailadresse, IP-Adressen sowie Informationen zu den an der E-Mail-Kommunikation beteiligten Servern.<\/p>\n\n\n\n<p>Sie k\u00f6nnen Sie \u00fcber die bereitgestellten Telefonnummern Kontakt zu uns aufnehmen. Hierbei erheben wir Protokolldaten, die Ihre Telefonnummer und die Dauer des Gespr\u00e4chs beinhalten.<\/p>\n\n\n\n<p>Unabh\u00e4ngig von der gew\u00e4hlten Kommunikationsart erheben wir den Inhalt Ihrer Anfrage. Ihre Daten werden zum Zweck der individuellen Kommunikation mit Ihnen gespeichert.<\/p>\n\n\n\n<h4 class=\"wp-block-heading\">Rechtsgrundlage<\/h4>\n\n\n\n<p>Die Verarbeitung der Daten erfolgt auf der Grundlage eines berechtigten Interesses (Art. 6 Abs. 1 lit. f DSGVO).<\/p>\n\n\n\n<p>Unser berechtigtes Interesse an der Verarbeitung Ihrer Daten ist die Erm\u00f6glichung einer unkomplizierten Kontaktaufnahme.<\/p>\n\n\n\n<p>Sofern Sie mit uns Kontakt aufnehmen, um ein Angebot zu erfragen, erfolgt die Verarbeitung der Daten zur Durchf\u00fchrung vorvertraglicher Ma\u00dfnahmen (Art. 6 Abs. 1 lit. b DSGVO).<\/p>\n\n\n\n<h4 class=\"wp-block-heading\">Empf\u00e4nger<\/h4>\n\n\n\n<p>Empf\u00e4nger der Daten sind ggf. technische Dienstleister, die f\u00fcr den Betrieb und die Wartung unserer Webseite als Auftragsverarbeiter t\u00e4tig werden.<\/p>\n\n\n\n<h4 class=\"wp-block-heading\">Speicherdauer<\/h4>\n\n\n\n<p>Daten werden sp\u00e4testens sechs Monate nach Bearbeitung der Kontaktaufnahme gel\u00f6scht.<\/p>\n\n\n\n<p>Sofern es zu einem Vertragsverh\u00e4ltnis kommt, unterliegen wir den gesetzlichen Aufbewahrungsfristen. Diese betragen grunds\u00e4tzlich 6 oder 10 Jahre aus Gr\u00fcnden der ordnungsm\u00e4\u00dfigen Buchf\u00fchrung und steuerrechtlichen Anforderungen.<\/p>\n\n\n\n<h4 class=\"wp-block-heading\">Bereitstellung vorgeschrieben oder erforderlich<\/h4>\n\n\n\n<p>Die Bereitstellung Ihrer personenbezogenen Daten erfolgt freiwillig. Wir k\u00f6nnen Ihre Anfrage jedoch nur bearbeiten, sofern Sie uns die erforderlichen Daten und den Grund der Anfrage mitteilen.<\/p>\n\n\n\n<h4 class=\"wp-block-heading\">Widerspruch<\/h4>\n\n\n\n<p>Lesen Sie dazu die Informationen \u00fcber Ihr Widerspruchsrecht nach Art. 21 DSGVO weiter unten.<\/p>\n\n\n\n<h3 class=\"wp-block-heading\">Reichweitenmessung<\/h3>\n\n\n\n<h4 class=\"wp-block-heading\">Art und Zweck der Verarbeitung<\/h4>\n\n\n\n<p>Die Reichweitenmessung dient der Auswertung der Besucherstr\u00f6me unseres Onlineangebotes und kann Verhalten, Interessen oder demographische Informationen zu den Besuchern, wie z.B. das Alter oder das Geschlecht, als pseudonyme Werte umfassen. Mit Hilfe der Reichweitenanalyse k\u00f6nnen wir z.B. erkennen, zu welcher Zeit unser Onlineangebot oder dessen Funktionen oder Inhalte am h\u00e4ufigsten genutzt werden oder zur Wiederverwendung einladen. Ebenso k\u00f6nnen wir nachvollziehen, welche Bereiche der Anpassung bed\u00fcrfen.<\/p>\n\n\n\n<p>Welche Tools wir zur Reichweitenmessung einsetzen, finden Sie weiter unten.<\/p>\n\n\n\n<h4 class=\"wp-block-heading\">Rechtsgrundlage<\/h4>\n\n\n\n<p>Die Verarbeitung erfolgt gem\u00e4\u00df Art. 6 Abs. 1 lit. f DSGVO auf Basis unseres berechtigten Interesses. Die Messung der Reichweite und die sich daraus ergebenden Informationen sind geeignet, um das Webangebot anzupassen.<\/p>\n\n\n\n<h4 class=\"wp-block-heading\">Empf\u00e4nger<\/h4>\n\n\n\n<p>Wir setzen f\u00fcr Betrieb und Wartung unserer Webseite technische Dienstleister ein, die als unsere Auftragsverarbeiter t\u00e4tig werden.<\/p>\n\n\n\n<h4 class=\"wp-block-heading\">Speicherdauer<\/h4>\n\n\n\n<p>Informationen zur Speicherdauer finden Sie in den unten aufgef\u00fchrten Informationen zu den eingesetzten Tools.<\/p>\n\n\n\n<h4 class=\"wp-block-heading\">Bereitstellung vorgeschrieben oder erforderlich<\/h4>\n\n\n\n<p>Die Bereitstellung der Daten ist weder gesetzlich noch vertraglich vorgeschrieben.<\/p>\n\n\n\n<h4 class=\"wp-block-heading\">Widerspruch<\/h4>\n\n\n\n<p>Lesen Sie dazu die Informationen \u00fcber Ihr Widerspruchsrecht nach Art. 21 DSGVO weiter unten.<\/p>\n\n\n\n<h4 class=\"wp-block-heading\">Eingesetzte Tools zur Reichweitenmessung<\/h4>\n\n\n\n<h5 class=\"wp-block-heading\">PLATZHALTER F\u00dcR TOOL ZUR REICHWEITENMESSUNG<\/h5>\n\n\n\n<p>Bitte beschreiben Sie das Tool.<\/p>\n\n\n\n<h3 class=\"wp-block-heading\">Verwendung des Tracking-Tools Google Analytics<\/h3>\n\n\n\n<h4 class=\"wp-block-heading\">Art und Zweck der Verarbeitung<\/h4>\n\n\n\n<p>Soweit Sie Ihre Einwilligung erteilt haben, wird auf dieser Website Google Analytics 4 eingesetzt, ein Webanalysedienst der Google Ireland Limited (Google Building Gordon House, 4 Barrow St, Dublin, D04 E5W5, Irland).<\/p>\n\n\n\n<p>Google Analytics verwendet Cookies, die eine Analyse der Benutzung der Website durch Sie erm\u00f6glichen. Die gesammelten Informationen werden in der Regel an einen Server von Google in den USA \u00fcbertragen und dort gespeichert.<\/p>\n\n\n\n<p>Bei Google Analytics ist standardm\u00e4\u00dfig eine automatische Anonymisierung der IP-Adressen aktiviert. Aufgrund der Aktivierung der IP-Anonymisierung auf dieser Website, wird Ihre IP-Adresse von Google innerhalb von Mitgliedstaaten der EU bzw. EWR gek\u00fcrzt. Nur in Ausnahmef\u00e4llen wird die volle IP-Adresse an einen Server von Google in den USA \u00fcbertragen und dort gek\u00fcrzt. Die im Rahmen von Google Analytics von Ihrem Browser \u00fcbermittelte IP-Adresse wird nach den von Google erh\u00e4ltlichen Angaben nicht mit anderen Daten von Google zusammengef\u00fchrt.<\/p>\n\n\n\n<p>W\u00e4hrend des Besuchs unserer Website wird Ihr Nutzerverhalten in Form von sogenannten Ereignissen erfasst, wie z.B.:<\/p>\n\n\n\n<ul class=\"wp-block-list\">\n<li>Seitenaufrufe<\/li>\n\n\n\n<li>Start einer Sitzung<\/li>\n\n\n\n<li>Verweildauer<\/li>\n\n\n\n<li>Nutzer-Engagement<\/li>\n\n\n\n<li>Erster Besuch einer Website<\/li>\n\n\n\n<li>Scrolls (wenn ein Besucher 90% bis zum Seitenende scrollt)<\/li>\n\n\n\n<li>Klicks auf externe Links<\/li>\n\n\n\n<li>Gesehene bzw. angeklickte Anzeigen<\/li>\n\n\n\n<li>Interne Suchen<\/li>\n\n\n\n<li>Interaktion mit Videoinhalten<\/li>\n\n\n\n<li>Downloads<\/li>\n\n\n\n<li>Spracheinstellungen<\/li>\n<\/ul>\n\n\n\n<p>Zus\u00e4tzlich werden folgende Informationen erfasst:<\/p>\n\n\n\n<ul class=\"wp-block-list\">\n<li>Ihr ungef\u00e4hrer Standort (Region)<\/li>\n\n\n\n<li>Ihre IP-Adresse (in gek\u00fcrzter Form)<\/li>\n\n\n\n<li>Technische Informationen wie Browser, Internetanbieter, Endger\u00e4t und Bildschirmaufl\u00f6sung<\/li>\n\n\n\n<li>Herkunftsquelle (Referrer-URL) Ihres Besuchs (d.h. \u00fcber welche Website bzw. \u00fcber welches Werbemittel Sie zu uns gekommen sind)<\/li>\n<\/ul>\n\n\n\n<p>N\u00e4here Informationen zu Nutzungsbedingungen und Datenschutz finden Sie unter <a href=\"https:\/\/www.google.com\/analytics\/terms\/de.html\">https:\/\/www.google.com\/analytics\/terms\/de.html<\/a> und unter <a href=\"https:\/\/policies.google.com\/?hl=de\">https:\/\/policies.google.com\/?hl=de<\/a>.<\/p>\n\n\n\n<p>Im Auftrag des Betreibers dieser Website wird Google diese Informationen benutzen, um Ihre Nutzung der Webseite auszuwerten, um Reports \u00fcber die Webseitenaktivit\u00e4ten zusammenzustellen und um weitere mit der Websitenutzung und der Internetnutzung verbundene Dienstleistungen gegen\u00fcber dem Webseitenbetreiber zu erbringen.<\/p>\n\n\n\n<h4 class=\"wp-block-heading\">Rechtsgrundlage<\/h4>\n\n\n\n<h3 class=\"wp-block-heading\">Rechtsgrundlage f\u00fcr diese Datenverarbeitung ist Ihre Einwilligung gem. Art.6 Abs.1 S.1 lit.a DSGVO.<\/h3>\n\n\n\n<h4 class=\"wp-block-heading\"><a><\/a>Empf\u00e4nger<\/h4>\n\n\n\n<p>Wir setzen f\u00fcr Betrieb und Wartung unserer Webseite und f\u00fcr die Auswertung der Cookies technische Dienstleister ein, die als unsere Auftragsverarbeiter t\u00e4tig werden.<\/p>\n\n\n\n<p>Weitere Empf\u00e4nger der Daten ist die Google Ireland Limited (Google Building Gordon House, 4 Barrow St, Dublin, D04 E5W5, Irland). Die Google Ireland Limited setzt die Google LLC in den USA (1600 Amphitheatre Parkway, Mountain View, CA 94043, USA) als Dienstleister ein.<\/p>\n\n\n\n<h4 class=\"wp-block-heading\">Speicherdauer<\/h4>\n\n\n\n<p>Die von uns gesendeten und mit Cookies verkn\u00fcpften Daten werden nach automatisch gel\u00f6scht nach: 14 Monate.<\/p>\n\n\n\n<p>Die maximale Lebensdauer der Google Analytics Cookies betr\u00e4gt zwei Jahre. Die L\u00f6schung von Daten, deren Aufbewahrungsdauer erreicht ist, erfolgt automatisch einmal im Monat.<\/p>\n\n\n\n<h4 class=\"wp-block-heading\">Drittlandtransfer<\/h4>\n\n\n\n<p>Da der Hauptsitz von Google in den USA ist, kann nicht ausgeschlossen werden, dass die Daten auf Servern von Google in den USA verarbeitet werden.&nbsp;Dadurch besteht das Risiko, dass Ihre Daten von US-Beh\u00f6rden zu Kontroll- und \u00dcberwachungszwecken verarbeitet werden k\u00f6nnen, ohne dass Ihnen Rechtsbehelfsm\u00f6glichkeiten zustehen. Zur Herstellung eines angemessenen Datenschutzniveaus haben wir mit Google EU-Standardvertragsklauseln geschlossen, welche hier eingesehen werden k\u00f6nnen: <a href=\"https:\/\/business.safety.google\/adscontrollerterms\/sccs\/eu-c2c\/\">https:\/\/business.safety.google\/adscontrollerterms\/sccs\/eu-c2c\/<\/a><\/p>\n\n\n\n<h4 class=\"wp-block-heading\">Widerruf der Einwilligung<\/h4>\n\n\n\n<p>Sie k\u00f6nnen Ihre Einwilligung jederzeit in den Cookie-Einstellungen f\u00fcr die Zukunft widerrufen.<\/p>\n\n\n\n<p>Zudem k\u00f6nnen Sie das Tracking durch Google Analytics auf unserer Website unterbinden, indem Sie <a>diesen Link<\/a> anklicken. Dabei wird ein Opt-out-Cookie auf Ihrem Ger\u00e4t installiert. Damit wird die Erfassung durch Google Analytics f\u00fcr diese Website und f\u00fcr diesen Browser zuk\u00fcnftig verhindert, solange das Cookie in Ihrem Browser installiert bleibt.<\/p>\n\n\n\n<p>Sie k\u00f6nnen dar\u00fcber hinaus die Erfassung der durch das Cookie erzeugten und auf Ihre Nutzung der Website bezogenen Daten (inkl. Ihrer IP-Adresse) an Google sowie die Verarbeitung dieser Daten durch Google verhindern, indem sie das unter dem folgenden Link verf\u00fcgbare Browser-Plugin herunterladen und installieren: <a href=\"https:\/\/tools.google.com\/dlpage\/gaoptout?hl=de\">Browser Add On zur Deaktivierung von Google Analytics<\/a>.<\/p>\n\n\n\n<h2 class=\"wp-block-heading\">Cookies<\/h2>\n\n\n\n<p>Ein Cookie ist ein kleiner Datensatz, der beim Besuch einer Website erstellt und auf dem System Websitebesuchers zwischengespeichert wird. Wird der Server dieser Website erneut vom Nutzer der Website aufgerufen, sendet der Browser des Nutzers der Website das zuvor empfangenen Cookie wieder zur\u00fcck an den Server. Der Server kann die durch dieses Verfahren erhaltenen Informationen auswerten. Durch Cookies kann insbesondere das Navigieren auf einer Website erleichtert werden.<\/p>\n\n\n\n<p>Ausf\u00fchrliche Informationen zum Thema Cookies, und welche Cookies auf dieser Website zu welchem Zweck im Einsatz sind, k\u00f6nnen Sie jederzeit in den Cookie-Einstellungen aufrufen.<\/p>\n\n\n\n<h4 class=\"wp-block-heading\">L\u00f6schen von Cookies<\/h4>\n\n\n\n<p>Sie k\u00f6nnen einzelne Cookies oder den gesamten Cookie-Bestand l\u00f6schen. Dar\u00fcber hinaus erhalten Sie Informationen und Anleitungen, wie diese Cookies gel\u00f6scht oder deren Speicherung vorab blockiert werden k\u00f6nnen. Je nach Anbieter Ihres Browsers finden Sie die notwendigen Informationen unter den nachfolgenden Links:<\/p>\n\n\n\n<ul class=\"wp-block-list\">\n<li>Mozilla Firefox: <a href=\"https:\/\/support.mozilla.org\/de\/kb\/cookies-loeschen-daten-von-websites-entfernen\">https:\/\/support.mozilla.org\/de\/kb\/cookies-loeschen-daten-von-websites-entfernen<\/a><\/li>\n\n\n\n<li>Microsoft Edge: <a href=\"https:\/\/support.microsoft.com\/de-de\/windows\/verwalten-von-cookies-in-microsoft-edge-anzeigen-zulassen-blockieren-l%C3%B6schen-und-verwenden-168dab11-0753-043d-7c16-ede5947fc64d\">https:\/\/support.microsoft.com\/de-de\/windows\/verwalten-von-cookies-in-microsoft-edge-anzeigen-zulassen-blockieren-l%C3%B6schen-und-verwenden-168dab11-0753-043d-7c16-ede5947fc64d<\/a><\/li>\n\n\n\n<li>Google Chrome: <a href=\"https:\/\/support.google.com\/accounts\/answer\/61416?hl=de\">https:\/\/support.google.com\/accounts\/answer\/61416?hl=de<\/a><\/li>\n\n\n\n<li>Opera: <a href=\"http:\/\/www.opera.com\/de\/help\">http:\/\/www.opera.com\/de\/help<\/a><\/li>\n\n\n\n<li>Safari: <a href=\"https:\/\/support.apple.com\/kb\/PH17191?locale=de_DE&amp;viewlocale=de_DE\">https:\/\/support.apple.com\/kb\/PH17191?locale=de_DE&amp;viewlocale=de_DE<\/a><\/li>\n<\/ul>\n\n\n\n<p>Zus\u00e4tzlich k\u00f6nnen Sie standardm\u00e4\u00dfig das Laden sog. Scripts verhindern. NoScript erlaubt das Ausf\u00fchren von JavaScript, Java und anderen Plugins nur bei vertrauensw\u00fcrdigen Domains Ihrer Wahl.<\/p>\n\n\n\n<p>Informationen und Anleitungen, wie Sie diese Funktion bearbeiten k\u00f6nnen, erhalten Sie \u00fcber den Anbieter Ihres Browsers (z.B. f\u00fcr Mozilla Firefox: <a href=\"https:\/\/addons.mozilla.org\/de\/firefox\/addon\/noscript\/\">https:\/\/addons.mozilla.org\/de\/firefox\/addon\/noscript\/<\/a>).<\/p>\n\n\n\n<h3 class=\"wp-block-heading\">Technisch notwendige Cookies<\/h3>\n\n\n\n<h4 class=\"wp-block-heading\">Art und Zweck der Verarbeitung<\/h4>\n\n\n\n<p>Wir setzen Cookies ein, um unsere Website nutzerfreundlicher zu gestalten. Einige Elemente unserer Website erfordern es, dass der aufrufende Browser auch nach einem Seitenwechsel identifiziert werden kann.<\/p>\n\n\n\n<p>Der Zweck der Verwendung technisch notwendiger Cookies ist, die Nutzung von Websites f\u00fcr die Nutzer zu vereinfachen. Einige Funktionen unserer Website k\u00f6nnen ohne den Einsatz von Cookies nicht angeboten werden. F\u00fcr diese ist es erforderlich, dass der Browser auch nach einem Seitenwechsel wiedererkannt wird.<\/p>\n\n\n\n<p>F\u00fcr folgende Anwendungen ben\u00f6tigen wir Cookies:<\/p>\n\n\n\n<p>Eine \u00dcbersicht finden \u00fcber die eingesetzten Cookies finden Sie in unserem Cookie-Consent-Tool.<\/p>\n\n\n\n<h4 class=\"wp-block-heading\">Rechtsgrundlage und berechtigtes Interesse<\/h4>\n\n\n\n<p>Die Datenverarbeitung erfolgt insoweit allein auf Basis unseres berechtigten Interesses an einer nutzerfreundlichen Gestaltung unserer Website und an der Dokumentation der Einwilligung gem. Art. 6 Abs. 1 lit. f DSGVO in Verbindung mit einer Abw\u00e4gung nach \u00a725 Abs. 2 TDDDG.<\/p>\n\n\n\n<h4 class=\"wp-block-heading\">Empf\u00e4nger<\/h4>\n\n\n\n<p>Empf\u00e4nger der Daten sind ggf. technische Dienstleister, die f\u00fcr den Betrieb und die Wartung unserer Website als Auftragsverarbeiter t\u00e4tig werden.<\/p>\n\n\n\n<h4 class=\"wp-block-heading\">Speicherdauer<\/h4>\n\n\n\n<p>Die jeweilige Speicherdauer der Cookies entnehmen Sie bitte dem Cookie-Consent-Tool.<\/p>\n\n\n\n<h4 class=\"wp-block-heading\">Bereitstellung vorgeschrieben oder erforderlich<\/h4>\n\n\n\n<p>Die Bereitstellung der vorgenannten personenbezogenen Daten ist weder gesetzlich noch vertraglich vorgeschrieben. Ohne diese Daten sind jedoch der Dienst und die Funktionsf\u00e4higkeit unserer Website nicht gew\u00e4hrleistet. Zudem k\u00f6nnen einzelne Dienste und Services nicht verf\u00fcgbar oder eingeschr\u00e4nkt sein.<\/p>\n\n\n\n<h4 class=\"wp-block-heading\">Widerspruch<\/h4>\n\n\n\n<p>Lesen Sie dazu die Informationen \u00fcber Ihr Widerspruchsrecht nach Art. 21 DSGVO weiter unten.<\/p>\n\n\n\n<h2 class=\"wp-block-heading\">Information \u00fcber Ihr Widerspruchsrecht nach Art. 21 DSGVO<\/h2>\n\n\n\n<h3 class=\"wp-block-heading\">Einzelfallbezogenes Widerspruchsrecht<\/h3>\n\n\n\n<p>Sie haben das Recht, aus Gr\u00fcnden, die sich aus Ihrer besonderen Situation ergeben, jederzeit gegen die Verarbeitung Sie betreffender personenbezogener Daten, die aufgrund Art. 6 Abs. 1 lit. f DSGVO (Datenverarbeitung auf der Grundlage einer Interessenabw\u00e4gung) erfolgt, Widerspruch einzulegen; dies gilt auch f\u00fcr ein auf diese Bestimmung gest\u00fctztes Profiling im Sinne von Art. 4 Nr. 4 DSGVO.<\/p>\n\n\n\n<p>Legen Sie Widerspruch ein, werden wir Ihre personenbezogenen Daten nicht mehr verarbeiten, es sei denn, wir k\u00f6nnen zwingende schutzw\u00fcrdige Gr\u00fcnde f\u00fcr die Verarbeitung nachweisen, die Ihre Interessen, Rechte und Freiheiten \u00fcberwiegen, oder die Verarbeitung dient der Geltendmachung, Aus\u00fcbung oder Verteidigung von Rechtsanspr\u00fcchen.<\/p>\n\n\n\n<h3 class=\"wp-block-heading\">Empf\u00e4nger eines Widerspruchs<\/h3>\n\n\n\n<p>1. Vorsitzender, Markus Eckes<\/p>\n\n\n\n<h2 class=\"wp-block-heading\">\u00c4nderung unserer Datenschutzerkl\u00e4rung<\/h2>\n\n\n\n<p>Wir behalten uns vor, diese Datenschutzerkl\u00e4rung anzupassen, damit sie stets den aktuellen rechtlichen Anforderungen entspricht oder um \u00c4nderungen unserer Leistungen in der Datenschutzerkl\u00e4rung umzusetzen, z.B. bei der Einf\u00fchrung neuer Services. F\u00fcr Ihren erneuten Besuch gilt dann die neue Datenschutzerkl\u00e4rung.<\/p>\n\n\n\n<h2 class=\"wp-block-heading\">Fragen zum Datenschutz<\/h2>\n\n\n\n<p>Wenn Sie Fragen zum Datenschutz haben, schreiben Sie uns bitte eine E-Mail an den oben genannten Verantwortlichen.<\/p>\n\n\n\n<h2 class=\"wp-block-heading\">Urheberrechtliche Hinweise<\/h2>\n\n\n\n<p><em>Diese Datenschutzerkl\u00e4rung wurde mit Hilfe der activeMind AG erstellt \u2013 den Experten f\u00fcr <a href=\"https:\/\/www.activemind.de\/datenschutz\/datenschutzbeauftragter\/\" target=\"_blank\" rel=\"noreferrer noopener\">externe Datenschutzbeauftragte<\/a> (Version #2024-10-25).<\/em><\/p>\n","protected":false},"excerpt":{"rendered":"<p>Datenschutzhinweise Verantwortlicher Verantwortlicher im Sinne der Datenschutzgesetze, insbesondere der EU-Datenschutz-Grundverordnung (DSGVO), ist: 1. Vorsitzender, Markus Eckes Ihre Betroffenenrechte Unter den angegebenen Kontaktdaten k\u00f6nnen Sie gem\u00e4\u00df EU-Datenschutz-Grundverordnung (DSGVO) jederzeit folgende Rechte aus\u00fcben: Sofern Sie uns eine Einwilligung erteilt haben, k\u00f6nnen Sie diese jederzeit mit Wirkung f\u00fcr die Zukunft widerrufen. Sie k\u00f6nnen sich jederzeit mit einer Beschwerde [&hellip;]<\/p>\n","protected":false},"author":1,"featured_media":0,"parent":0,"menu_order":0,"comment_status":"closed","ping_status":"closed","template":"","meta":{"footnotes":""},"class_list":["post-12","page","type-page","status-publish","hentry"],"_links":{"self":[{"href":"https:\/\/jfv-walsdorf-woersdorf.de\/index.php?rest_route=\/wp\/v2\/pages\/12","targetHints":{"allow":["GET"]}}],"collection":[{"href":"https:\/\/jfv-walsdorf-woersdorf.de\/index.php?rest_route=\/wp\/v2\/pages"}],"about":[{"href":"https:\/\/jfv-walsdorf-woersdorf.de\/index.php?rest_route=\/wp\/v2\/types\/page"}],"author":[{"embeddable":true,"href":"https:\/\/jfv-walsdorf-woersdorf.de\/index.php?rest_route=\/wp\/v2\/users\/1"}],"replies":[{"embeddable":true,"href":"https:\/\/jfv-walsdorf-woersdorf.de\/index.php?rest_route=%2Fwp%2Fv2%2Fcomments&post=12"}],"version-history":[{"count":0,"href":"https:\/\/jfv-walsdorf-woersdorf.de\/index.php?rest_route=\/wp\/v2\/pages\/12\/revisions"}],"wp:attachment":[{"href":"https:\/\/jfv-walsdorf-woersdorf.de\/index.php?rest_route=%2Fwp%2Fv2%2Fmedia&parent=12"}],"curies":[{"name":"wp","href":"https:\/\/api.w.org\/{rel}","templated":true}]}}