{"id":23,"date":"2025-09-09T15:37:20","date_gmt":"2025-09-09T13:37:20","guid":{"rendered":"http:\/\/localhost\/wordpress\/?page_id=23"},"modified":"2025-11-05T13:05:43","modified_gmt":"2025-11-05T13:05:43","slug":"teams","status":"publish","type":"page","link":"https:\/\/jfv-walsdorf-woersdorf.de\/?page_id=23","title":{"rendered":"Unsere Teams"},"content":{"rendered":"\n<p><\/p>\n\n\n\n<div class=\"wp-block-group has-section-bg-background-color has-background has-global-padding is-layout-constrained wp-container-core-group-is-layout-350af419 wp-block-group-is-layout-constrained\" style=\"margin-top:0px;margin-bottom:0px;padding-top:60px;padding-right:20px;padding-bottom:60px;padding-left:20px\">\n<div class=\"wp-block-group alignwide is-layout-flow wp-block-group-is-layout-flow\">\n<div class=\"wp-block-group alignwide section_head is-layout-flow wp-block-group-is-layout-flow\">\n<p class=\"has-text-align-center\"><\/p>\n\n\n\n<div style=\"height:10px\" aria-hidden=\"true\" class=\"wp-block-spacer\"><\/div>\n<\/div>\n\n\n\n<div class=\"wp-block-columns are-vertically-aligned-top is-layout-flex wp-container-core-columns-is-layout-28f84493 wp-block-columns-is-layout-flex\">\n<div class=\"wp-block-column is-vertically-aligned-top is-layout-flow wp-block-column-is-layout-flow\">\n<figure class=\"wp-block-image size-full\"><img loading=\"lazy\" decoding=\"async\" width=\"2560\" height=\"1463\" src=\"https:\/\/jfv-walsdorf-woersdorf.de\/wp-content\/uploads\/2025\/09\/fussball-auf-grunem-gras-mit-generativer-ki-mit-selektivem-fokus-1-scaled.jpg\" alt=\"\" class=\"wp-image-56\" srcset=\"https:\/\/jfv-walsdorf-woersdorf.de\/wp-content\/uploads\/2025\/09\/fussball-auf-grunem-gras-mit-generativer-ki-mit-selektivem-fokus-1-scaled.jpg 2560w, https:\/\/jfv-walsdorf-woersdorf.de\/wp-content\/uploads\/2025\/09\/fussball-auf-grunem-gras-mit-generativer-ki-mit-selektivem-fokus-1-300x171.jpg 300w, https:\/\/jfv-walsdorf-woersdorf.de\/wp-content\/uploads\/2025\/09\/fussball-auf-grunem-gras-mit-generativer-ki-mit-selektivem-fokus-1-1024x585.jpg 1024w, https:\/\/jfv-walsdorf-woersdorf.de\/wp-content\/uploads\/2025\/09\/fussball-auf-grunem-gras-mit-generativer-ki-mit-selektivem-fokus-1-768x439.jpg 768w, https:\/\/jfv-walsdorf-woersdorf.de\/wp-content\/uploads\/2025\/09\/fussball-auf-grunem-gras-mit-generativer-ki-mit-selektivem-fokus-1-1536x878.jpg 1536w, https:\/\/jfv-walsdorf-woersdorf.de\/wp-content\/uploads\/2025\/09\/fussball-auf-grunem-gras-mit-generativer-ki-mit-selektivem-fokus-1-2048x1170.jpg 2048w\" sizes=\"auto, (max-width: 2560px) 100vw, 2560px\" \/><\/figure>\n\n\n\n<div class=\"wp-block-group has-global-padding is-layout-constrained wp-block-group-is-layout-constrained\" style=\"margin-top:15px\">\n<h3 class=\"wp-block-heading has-regular-font-size\" style=\"font-style:normal;font-weight:400;text-transform:uppercase\">B &#8211; Jugend<\/h3>\n\n\n\n<p>Dienstags\/donnerstags 17:30-19:00 Kunstrasenplatz W\u00f6rsdorf<\/p>\n\n\n\n<h5 class=\"wp-block-heading has-text-color has-small-font-size\" style=\"color:#797979;margin-top:5px;font-style:normal;font-weight:400\"><a href=\"https:\/\/www.fussball.de\/mannschaft\/jfv-walsdorf-woersdorf-jfv-walsdorf-woersdorf-hessen\/-\/saison\/2526\/team-id\/02TET27I68000000VS5489BSVTA87VEB\" target=\"_blank\" rel=\"noreferrer noopener\">B-Junioren<\/a><\/h5>\n<\/div>\n<\/div>\n\n\n\n<div class=\"wp-block-column is-vertically-aligned-top is-layout-flow wp-block-column-is-layout-flow\">\n<div class=\"wp-block-group team-member has-global-padding is-layout-constrained wp-block-group-is-layout-constrained\">\n<figure class=\"wp-block-image size-full\"><img loading=\"lazy\" decoding=\"async\" width=\"1600\" height=\"906\" src=\"https:\/\/jfv-walsdorf-woersdorf.de\/wp-content\/uploads\/2025\/11\/IMG-20251001-WA0003.jpg\" alt=\"Mannschaftsfoto C1\" class=\"wp-image-90\" srcset=\"https:\/\/jfv-walsdorf-woersdorf.de\/wp-content\/uploads\/2025\/11\/IMG-20251001-WA0003.jpg 1600w, https:\/\/jfv-walsdorf-woersdorf.de\/wp-content\/uploads\/2025\/11\/IMG-20251001-WA0003-300x170.jpg 300w, https:\/\/jfv-walsdorf-woersdorf.de\/wp-content\/uploads\/2025\/11\/IMG-20251001-WA0003-1024x580.jpg 1024w, https:\/\/jfv-walsdorf-woersdorf.de\/wp-content\/uploads\/2025\/11\/IMG-20251001-WA0003-768x435.jpg 768w, https:\/\/jfv-walsdorf-woersdorf.de\/wp-content\/uploads\/2025\/11\/IMG-20251001-WA0003-1536x870.jpg 1536w\" sizes=\"auto, (max-width: 1600px) 100vw, 1600px\" \/><\/figure>\n\n\n\n<div class=\"wp-block-group has-global-padding is-layout-constrained wp-block-group-is-layout-constrained\" style=\"margin-top:15px\">\n<h3 class=\"wp-block-heading has-regular-font-size\" style=\"font-style:normal;font-weight:400;text-transform:uppercase\">C &#8211; Jugend<\/h3>\n\n\n\n<p class=\"has-text-color has-small-font-size\" style=\"color:#797979\"><a href=\"https:\/\/www.fussball.de\/mannschaft\/jfv-walsdorf-woersdorf-jfv-walsdorf-woersdorf-hessen\/-\/saison\/2526\/team-id\/02TET2PE8O000000VS5489BSVTA87VEB\">C1<\/a><br>Montags 18:00-19:30<br>Donnerstags 17:30-19:00 Kunstrasenplatz W\u00f6rsdorf<\/p>\n\n\n\n<p><a href=\"https:\/\/www.fussball.de\/mannschaft\/jfv-walsdorf-woersdorf-2-jfv-walsdorf-woersdorf-hessen\/-\/saison\/2526\/team-id\/02TET35THK000000VS5489BSVTA87VEB\" target=\"_blank\" rel=\"noreferrer noopener\">C2<\/a><br>Dienstags\/donnerstags 17:30-19:00 Kunstrasenplatz W\u00f6rsdorf<\/p>\n\n\n\n<p><a href=\"https:\/\/www.fussball.de\/mannschaft\/jfv-walsdorf-woersdorf-jfv-walsdorf-woersdorf-hessen\/-\/saison\/2526\/team-id\/02TEU3VRUG000000VS5489BRVU522QNF\" target=\"_blank\" rel=\"noreferrer noopener\">C-Juniorinnen<\/a><br>Dienstags 17:30-19:00<br>Kunstrasenplatz W\u00f6rsdorf<\/p>\n<\/div>\n\n\n\n<div class=\"wp-block-group pos-relative has-global-padding is-layout-constrained wp-block-group-is-layout-constrained\">\n<div class=\"wp-block-group member-social-wraps has-global-padding is-layout-constrained wp-block-group-is-layout-constrained\" style=\"margin-top:0px\"><\/div>\n<\/div>\n<\/div>\n\n\n\n<div class=\"wp-block-group team-member has-global-padding is-layout-constrained wp-block-group-is-layout-constrained\">\n<div class=\"wp-block-group pos-relative has-global-padding is-layout-constrained wp-block-group-is-layout-constrained\">\n<div class=\"wp-block-group member-social-wraps has-global-padding is-layout-constrained wp-block-group-is-layout-constrained\" style=\"margin-top:0px\"><\/div>\n<\/div>\n<\/div>\n<\/div>\n\n\n\n<div class=\"wp-block-column is-vertically-aligned-top is-layout-flow wp-block-column-is-layout-flow\">\n<div class=\"wp-block-group team-member has-global-padding is-layout-constrained wp-block-group-is-layout-constrained\">\n<div class=\"wp-block-group pos-relative has-global-padding is-layout-constrained wp-block-group-is-layout-constrained\">\n<figure class=\"wp-block-gallery has-nested-images columns-default is-cropped wp-block-gallery-1 is-layout-flex wp-block-gallery-is-layout-flex\">\n<figure class=\"wp-block-image size-full\"><img loading=\"lazy\" decoding=\"async\" width=\"2560\" height=\"1463\" data-id=\"56\" src=\"https:\/\/jfv-walsdorf-woersdorf.de\/wp-content\/uploads\/2025\/09\/fussball-auf-grunem-gras-mit-generativer-ki-mit-selektivem-fokus-1-scaled.jpg\" alt=\"\" class=\"wp-image-56\" srcset=\"https:\/\/jfv-walsdorf-woersdorf.de\/wp-content\/uploads\/2025\/09\/fussball-auf-grunem-gras-mit-generativer-ki-mit-selektivem-fokus-1-scaled.jpg 2560w, https:\/\/jfv-walsdorf-woersdorf.de\/wp-content\/uploads\/2025\/09\/fussball-auf-grunem-gras-mit-generativer-ki-mit-selektivem-fokus-1-300x171.jpg 300w, https:\/\/jfv-walsdorf-woersdorf.de\/wp-content\/uploads\/2025\/09\/fussball-auf-grunem-gras-mit-generativer-ki-mit-selektivem-fokus-1-1024x585.jpg 1024w, https:\/\/jfv-walsdorf-woersdorf.de\/wp-content\/uploads\/2025\/09\/fussball-auf-grunem-gras-mit-generativer-ki-mit-selektivem-fokus-1-768x439.jpg 768w, https:\/\/jfv-walsdorf-woersdorf.de\/wp-content\/uploads\/2025\/09\/fussball-auf-grunem-gras-mit-generativer-ki-mit-selektivem-fokus-1-1536x878.jpg 1536w, https:\/\/jfv-walsdorf-woersdorf.de\/wp-content\/uploads\/2025\/09\/fussball-auf-grunem-gras-mit-generativer-ki-mit-selektivem-fokus-1-2048x1170.jpg 2048w\" sizes=\"auto, (max-width: 2560px) 100vw, 2560px\" \/><\/figure>\n<\/figure>\n<\/div>\n\n\n\n<div class=\"wp-block-group has-global-padding is-layout-constrained wp-block-group-is-layout-constrained\" style=\"margin-top:15px\">\n<h3 class=\"wp-block-heading has-regular-font-size\" style=\"font-style:normal;font-weight:400;text-transform:uppercase\">D &#8211; Jugend<\/h3>\n\n\n\n<p>Dienstags 17:30-19:00 <br><a href=\"https:\/\/maps.app.goo.gl\/rezjV99RANbCoQ4G9\" data-type=\"link\" data-id=\"https:\/\/maps.app.goo.gl\/rezjV99RANbCoQ4G9\">Sportplatz an der B8 Walsdorf<\/a> <br>Freitags 17:00-18:30<br>Kunstrasenplatz W\u00f6rsdorf<\/p>\n\n\n\n<h5 class=\"wp-block-heading has-text-color has-small-font-size\" style=\"color:#797979;margin-top:5px;font-style:normal;font-weight:400\"><a href=\"https:\/\/www.fussball.de\/mannschaft\/jfv-walsdorf-woersdorf-jfv-walsdorf-woersdorf-hessen\/-\/saison\/2526\/team-id\/02THEVQSNG000000VS5489BRVU522QNF\" target=\"_blank\" rel=\"noreferrer noopener\">D1<\/a><\/h5>\n\n\n\n<p><a href=\"https:\/\/www.fussball.de\/mannschaft\/jfv-walsdorf-woersdorf-2-jfv-walsdorf-woersdorf-hessen\/-\/saison\/2526\/team-id\/02THF00LK4000000VS5489BRVU522QNF\" target=\"_blank\" rel=\"noreferrer noopener\">D2<\/a><\/p>\n\n\n\n<p><a href=\"https:\/\/www.fussball.de\/mannschaft\/jfv-walsdorf-woersdorf-jfv-walsdorf-woersdorf-hessen\/-\/saison\/2526\/team-id\/02TEU45NF0000000VS5489BRVU522QNF\" target=\"_blank\" rel=\"noreferrer noopener\">D-Juniorinnen<\/a><br>Montags 17:30-19:00<br>Kunstrasenplatz W\u00f6rsdorf<\/p>\n<\/div>\n<\/div>\n<\/div>\n\n\n\n<div class=\"wp-block-column is-vertically-aligned-top is-layout-flow wp-block-column-is-layout-flow\">\n<div class=\"wp-block-group team-member has-global-padding is-layout-constrained wp-block-group-is-layout-constrained\">\n<div class=\"wp-block-group pos-relative has-global-padding is-layout-constrained wp-block-group-is-layout-constrained\">\n<figure class=\"wp-block-image size-full is-resized\"><img loading=\"lazy\" decoding=\"async\" width=\"1600\" height=\"1132\" src=\"https:\/\/jfv-walsdorf-woersdorf.de\/wp-content\/uploads\/2025\/11\/IMG-20251001-WA0005.jpg\" alt=\"Mannschaftsfoto E Juniorinnen\" class=\"wp-image-92\" style=\"width:195px;height:auto\" srcset=\"https:\/\/jfv-walsdorf-woersdorf.de\/wp-content\/uploads\/2025\/11\/IMG-20251001-WA0005.jpg 1600w, https:\/\/jfv-walsdorf-woersdorf.de\/wp-content\/uploads\/2025\/11\/IMG-20251001-WA0005-300x212.jpg 300w, https:\/\/jfv-walsdorf-woersdorf.de\/wp-content\/uploads\/2025\/11\/IMG-20251001-WA0005-1024x724.jpg 1024w, https:\/\/jfv-walsdorf-woersdorf.de\/wp-content\/uploads\/2025\/11\/IMG-20251001-WA0005-768x543.jpg 768w, https:\/\/jfv-walsdorf-woersdorf.de\/wp-content\/uploads\/2025\/11\/IMG-20251001-WA0005-1536x1087.jpg 1536w\" sizes=\"auto, (max-width: 1600px) 100vw, 1600px\" \/><\/figure>\n<\/div>\n\n\n\n<h3 class=\"wp-block-heading has-regular-font-size\" style=\"font-style:normal;font-weight:400;text-transform:uppercase\">E &#8211; Jugend<\/h3>\n\n\n\n<p>Montags\/Mittwochs 17:30-19:00 <br>Kunstrasenplatz W\u00f6rsdorf<\/p>\n\n\n\n<div class=\"wp-block-group has-global-padding is-layout-constrained wp-block-group-is-layout-constrained\">\n<h5 class=\"wp-block-heading has-text-color has-small-font-size\" style=\"color:#797979;margin-top:5px;font-style:normal;font-weight:400\"><a href=\"https:\/\/www.fussball.de\/mannschaft\/jfv-walsdorf-woersdorf-jfv-walsdorf-woersdorf-hessen\/-\/saison\/2526\/team-id\/02TEU6S29C000000VS5489BRVU522QNF\" target=\"_blank\" rel=\"noreferrer noopener\">E1<\/a><\/h5>\n\n\n\n<p><a href=\"https:\/\/www.fussball.de\/mannschaft\/jfv-walsdorf-woersdorf-2-jfv-walsdorf-woersdorf-hessen\/-\/saison\/2526\/team-id\/02TEU75UJ0000000VS5489BRVU522QNF\" target=\"_blank\" rel=\"noreferrer noopener\">E2<\/a><\/p>\n\n\n\n<p><a href=\"https:\/\/www.fussball.de\/mannschaft\/jfv-walsdorf-woersdorf-3-jfv-walsdorf-woersdorf-hessen\/-\/saison\/2526\/team-id\/02TFBHEMUG000000VS5489BRVU522QNF\" target=\"_blank\" rel=\"noreferrer noopener\">E3<\/a><\/p>\n<\/div>\n\n\n\n<p><a href=\"https:\/\/www.fussball.de\/mannschaft\/jfv-walsdorf-woersdorf-jfv-walsdorf-woersdorf-hessen\/-\/saison\/2526\/team-id\/02TEU4M5D0000000VS5489BRVU522QNF\" target=\"_blank\" rel=\"noreferrer noopener\">E-Juniorinnen<\/a><br>Dienstags 16:00-17:30<br>Kunstrasenplatz W\u00f6rsdorf<\/p>\n<\/div>\n<\/div>\n<\/div>\n<\/div>\n\n\n\n<div class=\"wp-block-group alignwide is-layout-flow wp-block-group-is-layout-flow\">\n<div class=\"wp-block-columns are-vertically-aligned-top is-layout-flex wp-container-core-columns-is-layout-28f84493 wp-block-columns-is-layout-flex\">\n<div class=\"wp-block-column is-vertically-aligned-top is-layout-flow wp-block-column-is-layout-flow\"><\/div>\n\n\n\n<div class=\"wp-block-column is-vertically-aligned-top is-layout-flow wp-block-column-is-layout-flow\">\n<div class=\"wp-block-group team-member has-global-padding is-layout-constrained wp-block-group-is-layout-constrained\">\n<figure class=\"wp-block-image size-full\"><img loading=\"lazy\" decoding=\"async\" width=\"2560\" height=\"1463\" src=\"https:\/\/jfv-walsdorf-woersdorf.de\/wp-content\/uploads\/2025\/09\/fussballballon-der-generativen-ki-der-einfarbigen-szene-des-lagers-1-scaled.jpg\" alt=\"\" class=\"wp-image-54\" srcset=\"https:\/\/jfv-walsdorf-woersdorf.de\/wp-content\/uploads\/2025\/09\/fussballballon-der-generativen-ki-der-einfarbigen-szene-des-lagers-1-scaled.jpg 2560w, https:\/\/jfv-walsdorf-woersdorf.de\/wp-content\/uploads\/2025\/09\/fussballballon-der-generativen-ki-der-einfarbigen-szene-des-lagers-1-300x171.jpg 300w, https:\/\/jfv-walsdorf-woersdorf.de\/wp-content\/uploads\/2025\/09\/fussballballon-der-generativen-ki-der-einfarbigen-szene-des-lagers-1-1024x585.jpg 1024w, https:\/\/jfv-walsdorf-woersdorf.de\/wp-content\/uploads\/2025\/09\/fussballballon-der-generativen-ki-der-einfarbigen-szene-des-lagers-1-768x439.jpg 768w, https:\/\/jfv-walsdorf-woersdorf.de\/wp-content\/uploads\/2025\/09\/fussballballon-der-generativen-ki-der-einfarbigen-szene-des-lagers-1-1536x878.jpg 1536w, https:\/\/jfv-walsdorf-woersdorf.de\/wp-content\/uploads\/2025\/09\/fussballballon-der-generativen-ki-der-einfarbigen-szene-des-lagers-1-2048x1170.jpg 2048w\" sizes=\"auto, (max-width: 2560px) 100vw, 2560px\" \/><\/figure>\n\n\n\n<div class=\"wp-block-group has-global-padding is-layout-constrained wp-block-group-is-layout-constrained\" style=\"margin-top:15px\">\n<h3 class=\"wp-block-heading has-regular-font-size\" style=\"font-style:normal;font-weight:400;text-transform:uppercase\">F &#8211; jugend<\/h3>\n\n\n\n<p>Montags 16:15-17:30<br>Sportplatz Walsdorf<\/p>\n\n\n\n<p>Mittwochs 17:00-18:30 <br>Kunstrasenplatz W\u00f6rsdorf<\/p>\n\n\n\n<p><\/p>\n\n\n\n<p><\/p>\n<\/div>\n\n\n\n<div class=\"wp-block-group pos-relative has-global-padding is-layout-constrained wp-block-group-is-layout-constrained\">\n<div class=\"wp-block-group member-social-wraps has-global-padding is-layout-constrained wp-block-group-is-layout-constrained\" style=\"margin-top:0px\"><\/div>\n<\/div>\n<\/div>\n<\/div>\n\n\n\n<div class=\"wp-block-column is-vertically-aligned-top is-layout-flow wp-block-column-is-layout-flow\">\n<div class=\"wp-block-group team-member has-global-padding is-layout-constrained wp-block-group-is-layout-constrained\">\n<div class=\"wp-block-group pos-relative has-global-padding is-layout-constrained wp-block-group-is-layout-constrained\">\n<figure class=\"wp-block-gallery has-nested-images columns-default is-cropped wp-block-gallery-2 is-layout-flex wp-block-gallery-is-layout-flex\">\n<figure class=\"wp-block-image size-full\"><img loading=\"lazy\" decoding=\"async\" width=\"2560\" height=\"1463\" data-id=\"56\" src=\"https:\/\/jfv-walsdorf-woersdorf.de\/wp-content\/uploads\/2025\/09\/fussball-auf-grunem-gras-mit-generativer-ki-mit-selektivem-fokus-1-scaled.jpg\" alt=\"\" class=\"wp-image-56\" srcset=\"https:\/\/jfv-walsdorf-woersdorf.de\/wp-content\/uploads\/2025\/09\/fussball-auf-grunem-gras-mit-generativer-ki-mit-selektivem-fokus-1-scaled.jpg 2560w, https:\/\/jfv-walsdorf-woersdorf.de\/wp-content\/uploads\/2025\/09\/fussball-auf-grunem-gras-mit-generativer-ki-mit-selektivem-fokus-1-300x171.jpg 300w, https:\/\/jfv-walsdorf-woersdorf.de\/wp-content\/uploads\/2025\/09\/fussball-auf-grunem-gras-mit-generativer-ki-mit-selektivem-fokus-1-1024x585.jpg 1024w, https:\/\/jfv-walsdorf-woersdorf.de\/wp-content\/uploads\/2025\/09\/fussball-auf-grunem-gras-mit-generativer-ki-mit-selektivem-fokus-1-768x439.jpg 768w, https:\/\/jfv-walsdorf-woersdorf.de\/wp-content\/uploads\/2025\/09\/fussball-auf-grunem-gras-mit-generativer-ki-mit-selektivem-fokus-1-1536x878.jpg 1536w, https:\/\/jfv-walsdorf-woersdorf.de\/wp-content\/uploads\/2025\/09\/fussball-auf-grunem-gras-mit-generativer-ki-mit-selektivem-fokus-1-2048x1170.jpg 2048w\" sizes=\"auto, (max-width: 2560px) 100vw, 2560px\" \/><\/figure>\n<\/figure>\n<\/div>\n\n\n\n<div class=\"wp-block-group has-global-padding is-layout-constrained wp-block-group-is-layout-constrained\" style=\"margin-top:15px\">\n<h3 class=\"wp-block-heading has-regular-font-size\" style=\"font-style:normal;font-weight:400;text-transform:uppercase\">G &#8211; Jugend<\/h3>\n\n\n\n<p>Mittwochs 17:00-18:00 <br>Kunstrasenplatz W\u00f6rsdorf<\/p>\n<\/div>\n<\/div>\n\n\n\n<p><\/p>\n<\/div>\n\n\n\n<div class=\"wp-block-column is-vertically-aligned-top is-layout-flow wp-block-column-is-layout-flow\"><\/div>\n<\/div>\n<\/div>\n<\/div>\n\n\n\n<p><\/p>\n","protected":false},"excerpt":{"rendered":"<p>B &#8211; Jugend Dienstags\/donnerstags 17:30-19:00 Kunstrasenplatz W\u00f6rsdorf B-Junioren C &#8211; Jugend C1Montags 18:00-19:30Donnerstags 17:30-19:00 Kunstrasenplatz W\u00f6rsdorf C2Dienstags\/donnerstags 17:30-19:00 Kunstrasenplatz W\u00f6rsdorf C-JuniorinnenDienstags 17:30-19:00Kunstrasenplatz W\u00f6rsdorf D &#8211; Jugend Dienstags 17:30-19:00 Sportplatz an der B8 Walsdorf Freitags 17:00-18:30Kunstrasenplatz W\u00f6rsdorf D1 D2 D-JuniorinnenMontags 17:30-19:00Kunstrasenplatz W\u00f6rsdorf E &#8211; Jugend Montags\/Mittwochs 17:30-19:00 Kunstrasenplatz W\u00f6rsdorf E1 E2 E3 E-JuniorinnenDienstags 16:00-17:30Kunstrasenplatz W\u00f6rsdorf F [&hellip;]<\/p>\n","protected":false},"author":1,"featured_media":0,"parent":0,"menu_order":0,"comment_status":"closed","ping_status":"closed","template":"","meta":{"footnotes":""},"class_list":["post-23","page","type-page","status-publish","hentry"],"_links":{"self":[{"href":"https:\/\/jfv-walsdorf-woersdorf.de\/index.php?rest_route=\/wp\/v2\/pages\/23","targetHints":{"allow":["GET"]}}],"collection":[{"href":"https:\/\/jfv-walsdorf-woersdorf.de\/index.php?rest_route=\/wp\/v2\/pages"}],"about":[{"href":"https:\/\/jfv-walsdorf-woersdorf.de\/index.php?rest_route=\/wp\/v2\/types\/page"}],"author":[{"embeddable":true,"href":"https:\/\/jfv-walsdorf-woersdorf.de\/index.php?rest_route=\/wp\/v2\/users\/1"}],"replies":[{"embeddable":true,"href":"https:\/\/jfv-walsdorf-woersdorf.de\/index.php?rest_route=%2Fwp%2Fv2%2Fcomments&post=23"}],"version-history":[{"count":6,"href":"https:\/\/jfv-walsdorf-woersdorf.de\/index.php?rest_route=\/wp\/v2\/pages\/23\/revisions"}],"predecessor-version":[{"id":95,"href":"https:\/\/jfv-walsdorf-woersdorf.de\/index.php?rest_route=\/wp\/v2\/pages\/23\/revisions\/95"}],"wp:attachment":[{"href":"https:\/\/jfv-walsdorf-woersdorf.de\/index.php?rest_route=%2Fwp%2Fv2%2Fmedia&parent=23"}],"curies":[{"name":"wp","href":"https:\/\/api.w.org\/{rel}","templated":true}]}}