{"id":31,"date":"2025-09-09T15:36:40","date_gmt":"2025-09-09T13:36:40","guid":{"rendered":"http:\/\/localhost\/wordpress\/?page_id=31"},"modified":"2025-10-01T13:20:30","modified_gmt":"2025-10-01T13:20:30","slug":"herzlich-willkommen-beim-jfv-walsdorf-woersdorf","status":"publish","type":"page","link":"https:\/\/jfv-walsdorf-woersdorf.de\/","title":{"rendered":""},"content":{"rendered":"\n<p><\/p>\n\n\n\n<div class=\"wp-block-group is-layout-flow wp-block-group-is-layout-flow\" style=\"margin-top:0px\">\n<div class=\"wp-block-cover alignfull\" style=\"padding-top:20px;padding-right:20px;padding-bottom:20px;padding-left:20px;min-height:800px;aspect-ratio:unset;\"><img decoding=\"async\" class=\"wp-block-cover__image-background wp-image-595\" alt=\"\" src=\"https:\/\/jfv-walsdorf-woersdorf.de\/wp-content\/themes\/fse-soccer\/images\/slider.jpg\" data-object-fit=\"cover\"\/><span aria-hidden=\"true\" class=\"wp-block-cover__background has-background-dim-20 has-background-dim\"><\/span><div class=\"wp-block-cover__inner-container is-layout-flow wp-block-cover-is-layout-flow\">\n<div class=\"wp-block-group is-content-justification-center is-layout-flex wp-container-core-group-is-layout-b02886af wp-block-group-is-layout-flex\">\n<div class=\"wp-block-group has-background has-global-padding is-layout-constrained wp-container-core-group-is-layout-602819dd wp-block-group-is-layout-constrained\" style=\"background-color:#00000030;padding-top:36px;padding-right:30px;padding-bottom:36px;padding-left:30px\">\n<h2 class=\"wp-block-heading has-text-align-center has-extra-large-font-size\" style=\"font-style:normal;font-weight:400\">Herzlich Willkommen beim JFV Walsdorf\/W\u00f6rsdorf e.V.<\/h2>\n\n\n\n<p class=\"has-text-align-center\">Die Seite befindet sich im Aufbau.<\/p>\n\n\n\n<p class=\"has-text-align-center\"><a href=\"https:\/\/www.fussball.de\/verein\/jfv-walsdorf-woersdorf-hessen\/-\/id\/01HAL5TEKO000000VV0AG80NVUC71QUU#!\/\" target=\"_blank\" rel=\"noreferrer noopener\"><mark style=\"background-color:rgba(0, 0, 0, 0)\" class=\"has-inline-color has-primary-color\">Hier eine Gesamt\u00fcbersicht \u00fcber unsere n\u00e4chsten Begegnungen<\/mark><\/a><\/p>\n<\/div>\n<\/div>\n<\/div><\/div>\n<\/div>\n\n\n\n<p><\/p>\n","protected":false},"excerpt":{"rendered":"","protected":false},"author":1,"featured_media":0,"parent":0,"menu_order":0,"comment_status":"closed","ping_status":"closed","template":"","meta":{"footnotes":""},"class_list":["post-31","page","type-page","status-publish","hentry"],"_links":{"self":[{"href":"https:\/\/jfv-walsdorf-woersdorf.de\/index.php?rest_route=\/wp\/v2\/pages\/31","targetHints":{"allow":["GET"]}}],"collection":[{"href":"https:\/\/jfv-walsdorf-woersdorf.de\/index.php?rest_route=\/wp\/v2\/pages"}],"about":[{"href":"https:\/\/jfv-walsdorf-woersdorf.de\/index.php?rest_route=\/wp\/v2\/types\/page"}],"author":[{"embeddable":true,"href":"https:\/\/jfv-walsdorf-woersdorf.de\/index.php?rest_route=\/wp\/v2\/users\/1"}],"replies":[{"embeddable":true,"href":"https:\/\/jfv-walsdorf-woersdorf.de\/index.php?rest_route=%2Fwp%2Fv2%2Fcomments&post=31"}],"version-history":[{"count":3,"href":"https:\/\/jfv-walsdorf-woersdorf.de\/index.php?rest_route=\/wp\/v2\/pages\/31\/revisions"}],"predecessor-version":[{"id":80,"href":"https:\/\/jfv-walsdorf-woersdorf.de\/index.php?rest_route=\/wp\/v2\/pages\/31\/revisions\/80"}],"wp:attachment":[{"href":"https:\/\/jfv-walsdorf-woersdorf.de\/index.php?rest_route=%2Fwp%2Fv2%2Fmedia&parent=31"}],"curies":[{"name":"wp","href":"https:\/\/api.w.org\/{rel}","templated":true}]}}